{"id":20,"date":"2023-01-22T20:38:10","date_gmt":"2023-01-22T19:38:10","guid":{"rendered":"http:\/\/www.germaservice.de\/jp\/?page_id=20"},"modified":"2023-10-10T20:55:13","modified_gmt":"2023-10-10T18:55:13","slug":"kontakt","status":"publish","type":"page","link":"https:\/\/www.germaservice.de\/jp\/kontakt\/","title":{"rendered":"\u7686\u3055\u3093\u306e\u3054\u5e0c\u671b\u306b\u6cbf\u3048\u308b\u3088\u3046\u306b \u52aa\u3081\u307e\u3059"},"content":{"rendered":"\n<main class=\"wp-block-group alignfull is-style-no-spacing is-layout-flow wp-container-core-group-is-layout-d6743c7d wp-block-group-is-layout-flow\">\n<div class=\"wp-block-group has-background-light-background-color has-background is-layout-constrained wp-container-core-group-is-layout-719f73b0 wp-block-group-is-layout-constrained\" style=\"padding-top:100px;padding-bottom:100px\">\n<div class=\"wp-block-columns is-layout-flex wp-container-core-columns-is-layout-926afd96 wp-block-columns-is-layout-flex\">\n<div class=\"wp-block-column is-layout-flow wp-block-column-is-layout-flow\">\n<p class=\"has-text-regular-color has-text-color has-medium-font-size\" style=\"margin-bottom:40px\"><strong>GermaService &#8211; D\u00fcsseldorf<\/strong><br>Immermannstra\u00dfe 27<br>40210 D\u00fcsseldorf<br><br>E-Mail:      info@germaservice.de<br><br><strong>\u304a\u8eca\u3067\u304a\u8d8a\u3057\u306e\u65b9\uff1a<\/strong><br>Charlottenstra\u00dfe\u3068Immermannstra\u00dfe\u306eHotel Clayton (Nikko)\u306e\u96a3\u306b\u305d\u308c\u305e\u308c\u99d0\u8eca\u5834\u304c\u3042\u308a\u307e\u3059\u3002<\/p>\n\n\n\n<div class=\"wp-block-buttons is-layout-flex wp-block-buttons-is-layout-flex\">\n<div class=\"wp-block-button is-style-ona-button-arrow-icon\"><a class=\"wp-block-button__link has-background wp-element-button\" href=\"https:\/\/www.google.de\/maps\/place\/Immermannstra\u00dfe+27,+40210+D\u00fcsseldorf\/@51.2235927,6.7852931,17z\/data=!3m1!4b1!4m5!3m4!1s0x47b8ca3acc22c467:0xbe4f67ffa6ec2391!8m2!3d51.2235894!4d6.7874871\" style=\"background-color:#009640\" target=\"_blank\" rel=\"noreferrer noopener\">Google Maps<\/a><\/div>\n<\/div>\n<\/div>\n<\/div>\n<\/div>\n<\/main>\n","protected":false},"excerpt":{"rendered":"<p>GermaService &#8211; D\u00fcsseldorfImmermannstra\u00dfe 2740210 D\u00fcsseldorf E-Mail: info@germaservice.de \u304a\u8eca\u3067\u304a\u8d8a\u3057\u306e\u65b9\uff1aCharlottenstra\u00dfe\u3068Immermannstra\u00dfe\u306eHotel Clayton (Nikko)\u306e\u96a3\u306b\u305d\u308c\u305e\u308c\u99d0\u8eca\u5834\u304c\u3042\u308a\u307e\u3059\u3002<\/p>\n","protected":false},"author":1,"featured_media":0,"parent":0,"menu_order":0,"comment_status":"closed","ping_status":"closed","template":"","meta":{"footnotes":""},"class_list":["post-20","page","type-page","status-publish","hentry"],"_links":{"self":[{"href":"https:\/\/www.germaservice.de\/jp\/wp-json\/wp\/v2\/pages\/20","targetHints":{"allow":["GET"]}}],"collection":[{"href":"https:\/\/www.germaservice.de\/jp\/wp-json\/wp\/v2\/pages"}],"about":[{"href":"https:\/\/www.germaservice.de\/jp\/wp-json\/wp\/v2\/types\/page"}],"author":[{"embeddable":true,"href":"https:\/\/www.germaservice.de\/jp\/wp-json\/wp\/v2\/users\/1"}],"replies":[{"embeddable":true,"href":"https:\/\/www.germaservice.de\/jp\/wp-json\/wp\/v2\/comments?post=20"}],"version-history":[{"count":30,"href":"https:\/\/www.germaservice.de\/jp\/wp-json\/wp\/v2\/pages\/20\/revisions"}],"predecessor-version":[{"id":483,"href":"https:\/\/www.germaservice.de\/jp\/wp-json\/wp\/v2\/pages\/20\/revisions\/483"}],"wp:attachment":[{"href":"https:\/\/www.germaservice.de\/jp\/wp-json\/wp\/v2\/media?parent=20"}],"curies":[{"name":"wp","href":"https:\/\/api.w.org\/{rel}","templated":true}]}}