{"id":18,"date":"2023-01-22T20:37:53","date_gmt":"2023-01-22T19:37:53","guid":{"rendered":"http:\/\/www.germaservice.de\/jp\/?page_id=18"},"modified":"2023-02-24T15:03:19","modified_gmt":"2023-02-24T14:03:19","slug":"impressum","status":"publish","type":"page","link":"https:\/\/www.germaservice.de\/jp\/impressum\/","title":{"rendered":"Impressum"},"content":{"rendered":"\n<p>GermaService<br>Immermannstra\u00dfe 27<br>40210 D\u00fcsseldorf<br><br>0211 15879988<br>info@germaservice.de<br><br>Gesch\u00e4ftsf\u00fchrer: Uwe Kr\u00e4mer<\/p>\n\n\n\n<p class=\"has-large-font-size\">Rechtliche Hinweise<\/p>\n\n\n\n<p><strong>Haftungsbeschr\u00e4nkung<\/strong><br>Durch Ihre Nutzung dieser Website erkl\u00e4ren Sie Ihr Einverst\u00e4ndnis, diese Website auf eigene Gefahr zu nutzen.&nbsp;GermaService, die Angestellten, Vertreter oder Repr\u00e4sentanten (im Folgenden \u201eGermaService\u201c) haften nicht f\u00fcr direkte, indirekte, punitive oder andere Schaden oder Kosten, einschlie\u00dflich entgangenem Gewinn oder dem Verlust von Daten, Ansehen oder Eigentumsverletzungen oder f\u00fcr Anspr\u00fcche Dritter aus oder im Zusammenhang mit der Nutzung, dem Kopieren oder der Wiedergabe dieser Website oder deren Inhalte, unabh\u00e4ngig davon, ob&nbsp;GermaService&nbsp;\u00fcber diese M\u00f6glichkeit unterrichtet hat.<\/p>\n\n\n\n<p><strong>Haftung f\u00fcr Links<\/strong><br>Die auf dieser Website befindlichen Links dienen der Benutzerfreundlichkeit.&nbsp;GermaService&nbsp;\u00fcbernimmt keine Verantwortung f\u00fcr die verlinkte Website, deren Provider oder deren Inhalte, Produkte oder Dienstleistungen.&nbsp;GermaService&nbsp;\u00fcbernimmt keine Garantie f\u00fcr die Richtigkeit, Verf\u00fcgbarkeit oder Rechtm\u00e4\u00dfigkeit einer verlinkten Website.<\/p>\n\n\n\n<p><strong>Copyright &amp; Marken<\/strong><br>Der Inhalt dieser Website, einschlie\u00dflich des Designs, Textes, der Graphiken ist Eigentum von&nbsp;GermaService.<\/p>\n\n\n\n<p><strong>Disclaimer<\/strong><br>GermaService&nbsp;\u00fcbernimmt keine Gew\u00e4hr f\u00fcr die Aktualit\u00e4t, Richtigkeit und Vollst\u00e4ndigkeit der auf dieser Website bereitgestellten Informationen. Gleiches gilt auch f\u00fcr die Inhalte externer Websites, auf die diese Website \u00fcber Hyperlinks direkt oder indirekt verweist und auf die&nbsp;GermaService&nbsp;keinen Einfluss hat.<\/p>\n\n\n\n<p><strong>Ver\u00e4nderung der Website oder Unterbrechung<\/strong><br>GermaService&nbsp;beh\u00e4lt sich vor, die Inhalte der Website jederzeit zu \u00e4ndern.&nbsp;GermaService&nbsp;&nbsp;beh\u00e4lt sich weiterhin vor, die Nutzungsbedingungen f\u00fcr diese Website jederzeit zu \u00e4ndern. Solche \u00c4nderungen gelten ab deren Bekanntmachung. Durch die Nutzung dieser Website nach einer solchen \u00c4nderung erkl\u00e4ren Sie Ihr Einverst\u00e4ndnis.auf die&nbsp;GermaService&nbsp;keinen Einfluss hat.<\/p>\n\n\n\n<p><strong>Datenschutz<\/strong><br>Soweit auf unseren Seiten personenbezogene Daten (beispielsweise Name, Anschrift oder eMail-Adressen) erhoben werden, erfolgt dies soweit m\u00f6glich stets auf freiwilliger Basis. Die Nutzung der Angebote und Dienste ist, soweit m\u00f6glich, stets ohne Angabe personenbezogener Daten m\u00f6glich. Der Nutzung von im Rahmen der Impressumspflicht ver\u00f6ffentlichten Kontaktdaten durch Dritte zur \u00fcbersendung von nicht ausdr\u00fccklich angeforderter Werbung und Informationsmaterialien wird hiermit ausdr\u00fccklich widersprochen. Die Betreiber der Seiten behalten sich ausdr\u00fccklich rechtliche Schritte im Falle der unverlangten Zusendung von Werbeinformationen, etwa durch Spam-Mails, vor.<\/p>\n\n\n\n<p><strong>Schlussbestimmung<\/strong><br>Es gilt das Recht der Bundesrepublik Deutschland.<br><br>Gerichtsstand ist D\u00fcsseldorf, sofern der Auftraggeber Vollkaufmann ist. GermaService ist auch berechtigt, am Sitz des Auftraggebers zu klagen.<\/p>\n","protected":false},"excerpt":{"rendered":"<p>GermaServiceImmermannstra\u00dfe 2740210 D\u00fcsseldorf 0211 15879988info@germaservice.de Gesch\u00e4ftsf\u00fchrer: Uwe Kr\u00e4mer Rechtliche Hinweise Haftungsbeschr\u00e4nkungDurch Ihre Nutzung dieser Website erkl\u00e4ren Sie Ihr Einverst\u00e4ndnis, diese Website auf eigene Gefahr zu nutzen.&nbsp;GermaService, die Angestellten, Vertreter oder [&hellip;]<\/p>\n","protected":false},"author":1,"featured_media":0,"parent":0,"menu_order":0,"comment_status":"closed","ping_status":"closed","template":"","meta":{"footnotes":""},"class_list":["post-18","page","type-page","status-publish","hentry"],"_links":{"self":[{"href":"https:\/\/www.germaservice.de\/jp\/wp-json\/wp\/v2\/pages\/18","targetHints":{"allow":["GET"]}}],"collection":[{"href":"https:\/\/www.germaservice.de\/jp\/wp-json\/wp\/v2\/pages"}],"about":[{"href":"https:\/\/www.germaservice.de\/jp\/wp-json\/wp\/v2\/types\/page"}],"author":[{"embeddable":true,"href":"https:\/\/www.germaservice.de\/jp\/wp-json\/wp\/v2\/users\/1"}],"replies":[{"embeddable":true,"href":"https:\/\/www.germaservice.de\/jp\/wp-json\/wp\/v2\/comments?post=18"}],"version-history":[{"count":5,"href":"https:\/\/www.germaservice.de\/jp\/wp-json\/wp\/v2\/pages\/18\/revisions"}],"predecessor-version":[{"id":251,"href":"https:\/\/www.germaservice.de\/jp\/wp-json\/wp\/v2\/pages\/18\/revisions\/251"}],"wp:attachment":[{"href":"https:\/\/www.germaservice.de\/jp\/wp-json\/wp\/v2\/media?parent=18"}],"curies":[{"name":"wp","href":"https:\/\/api.w.org\/{rel}","templated":true}]}}