{"id":20,"date":"2023-01-22T20:38:10","date_gmt":"2023-01-22T19:38:10","guid":{"rendered":"http:\/\/www.germaservice.de\/en\/?page_id=20"},"modified":"2023-10-10T20:54:00","modified_gmt":"2023-10-10T18:54:00","slug":"kontakt","status":"publish","type":"page","link":"https:\/\/www.germaservice.de\/en\/kontakt\/","title":{"rendered":"Wir freuen uns, wenn Sie mit uns zufrieden sind."},"content":{"rendered":"\n<main class=\"wp-block-group alignfull is-style-no-spacing is-layout-flow wp-container-core-group-is-layout-d6743c7d wp-block-group-is-layout-flow\">\n<div class=\"wp-block-group has-background-light-background-color has-background is-layout-constrained wp-container-core-group-is-layout-719f73b0 wp-block-group-is-layout-constrained\" style=\"padding-top:100px;padding-bottom:100px\">\n<div class=\"wp-block-columns is-layout-flex wp-container-core-columns-is-layout-926afd96 wp-block-columns-is-layout-flex\">\n<div class=\"wp-block-column is-layout-flow wp-block-column-is-layout-flow\">\n<p class=\"has-text-regular-color has-text-color has-medium-font-size\" style=\"margin-bottom:40px\"><strong>GermaService &#8211; D\u00fcsseldorf<\/strong><br>Immermannstra\u00dfe 27<br>40210 D\u00fcsseldorf<br><br>E-Mail:      info@germaservice.de<br><br><strong>Parkplatz-Tipp<\/strong><br>Kommen Sie mit dem Auto?<br>Parkh\u00e4user finden Sie auf der Charlottenstra\u00dfe und auch neben dem Hotel Clayton (Nikko) auf der Immermannstra\u00dfe.<\/p>\n\n\n\n<div class=\"wp-block-buttons is-layout-flex wp-block-buttons-is-layout-flex\">\n<div class=\"wp-block-button is-style-ona-button-arrow-icon\"><a class=\"wp-block-button__link has-background wp-element-button\" href=\"https:\/\/www.google.de\/maps\/place\/Immermannstra\u00dfe+27,+40210+D\u00fcsseldorf\/@51.2235927,6.7852931,17z\/data=!3m1!4b1!4m5!3m4!1s0x47b8ca3acc22c467:0xbe4f67ffa6ec2391!8m2!3d51.2235894!4d6.7874871\" style=\"background-color:#009640\" target=\"_blank\" rel=\"noreferrer noopener\">Google Maps<\/a><\/div>\n<\/div>\n<\/div>\n<\/div>\n<\/div>\n<\/main>\n","protected":false},"excerpt":{"rendered":"<p>GermaService &#8211; D\u00fcsseldorfImmermannstra\u00dfe 2740210 D\u00fcsseldorf E-Mail: info@germaservice.de Parkplatz-TippKommen Sie mit dem Auto?Parkh\u00e4user finden Sie auf der Charlottenstra\u00dfe und auch neben dem Hotel Clayton (Nikko) auf der Immermannstra\u00dfe.<\/p>\n","protected":false},"author":1,"featured_media":0,"parent":0,"menu_order":0,"comment_status":"closed","ping_status":"closed","template":"","meta":{"footnotes":""},"class_list":["post-20","page","type-page","status-publish","hentry"],"_links":{"self":[{"href":"https:\/\/www.germaservice.de\/en\/wp-json\/wp\/v2\/pages\/20","targetHints":{"allow":["GET"]}}],"collection":[{"href":"https:\/\/www.germaservice.de\/en\/wp-json\/wp\/v2\/pages"}],"about":[{"href":"https:\/\/www.germaservice.de\/en\/wp-json\/wp\/v2\/types\/page"}],"author":[{"embeddable":true,"href":"https:\/\/www.germaservice.de\/en\/wp-json\/wp\/v2\/users\/1"}],"replies":[{"embeddable":true,"href":"https:\/\/www.germaservice.de\/en\/wp-json\/wp\/v2\/comments?post=20"}],"version-history":[{"count":28,"href":"https:\/\/www.germaservice.de\/en\/wp-json\/wp\/v2\/pages\/20\/revisions"}],"predecessor-version":[{"id":332,"href":"https:\/\/www.germaservice.de\/en\/wp-json\/wp\/v2\/pages\/20\/revisions\/332"}],"wp:attachment":[{"href":"https:\/\/www.germaservice.de\/en\/wp-json\/wp\/v2\/media?parent=20"}],"curies":[{"name":"wp","href":"https:\/\/api.w.org\/{rel}","templated":true}]}}